{"id":7177,"date":"2025-10-17T18:06:47","date_gmt":"2025-10-17T16:06:47","guid":{"rendered":"https:\/\/curalis24.de\/wordpress\/?page_id=7177"},"modified":"2026-02-23T13:42:47","modified_gmt":"2026-02-23T12:42:47","slug":"impressum","status":"publish","type":"page","link":"https:\/\/curalis24.de\/en\/impressum\/","title":{"rendered":"imprint"},"content":{"rendered":"<div data-elementor-type=\"wp-page\" data-elementor-id=\"7177\" class=\"elementor elementor-7177\">\n\t\t\t\t<div class=\"elementor-element elementor-element-41004a61 e-flex e-con-boxed e-con e-parent\" data-id=\"41004a61\" data-element_type=\"container\" data-e-type=\"container\">\n\t\t\t\t\t<div class=\"e-con-inner\">\n\t\t\t\t<div class=\"elementor-element elementor-element-fcf4e8e elementor-widget elementor-widget-text-editor\" data-id=\"fcf4e8e\" data-element_type=\"widget\" data-e-type=\"widget\" data-widget_type=\"text-editor.default\">\n\t\t\t\t\t\t\t\t\t<p><\/p>\n<h1 class=\"wp-block-heading\">imprint<\/h1>\n<p><\/p>\n<p>Curalis24 GmbH<br>Herm\u00fclheimer Str. 23<br>50354 H\u00fcrth bei K\u00f6ln<\/p><p>Zweitniederlassung:<br><\/p><p>Curalis24 GmbH<br>Kanalstr. 8<br>30926 Seelze<\/p>\n<p><\/p>\n<p><strong>Vertreten durch:<\/strong><br>Nejat Catalbas<br>Murat Ural<\/p>\n<p><\/p>\n<h2 class=\"wp-block-heading\">contact<\/h2>\n<p><\/p>\n<p>phone: +491729934592<br>E-Mail: info@curalis24.de<\/p>\n<p><\/p>\n<h2 class=\"wp-block-heading\">Umsatzsteuer-ID<\/h2>\n<p><\/p>\n<p>Umsatzsteuer-Identifikationsnummer gem\u00e4\u00df \u00a7 27 a Umsatzsteuergesetz:<br>DE457010671<\/p>\n<h2>Sitz<\/h2>\n<p>H\u00fcrth<\/p>\n<h2>Amtsgericht<\/h2>\n<p>K\u00f6ln:&nbsp;HRB 124486<\/p>\n<p><\/p>\n<h2 class=\"wp-block-heading\">Verbraucher\u00adstreit\u00adbeilegung\/Universal\u00adschlichtungs\u00adstelle<\/h2>\n<p><\/p>\n<p>Wir sind nicht bereit oder verpflichtet, an Streitbeilegungsverfahren vor einer Verbraucherschlichtungsstelle teilzunehmen.<\/p>\n<p><\/p>\n<h2 class=\"wp-block-heading\">Zentrale Kontaktstelle nach dem Digital Services Act &#8211; DSA (Verordnung (EU) 2022\/265)<\/h2>\n<p><\/p>\n<p>Unsere zentrale Kontaktstelle f\u00fcr Nutzer und Beh\u00f6rden nach Art. 11, 12 DSA erreichen Sie wie folgt:<\/p>\n<p><\/p>\n<p>E-Mail: info@curalis24.de<\/p>\n<p><\/p>\n<p>Die f\u00fcr den Kontakt zur Verf\u00fcgung stehenden Sprachen sind: Deutsch, Englisch.<\/p>\n<p><\/p>\n<p>Quelle: <a href=\"https:\/\/www.e-recht24.de\" target=\"_blank\" rel=\"noopener\">https:\/\/www.e-recht24.de<\/a><\/p>\n<p><\/p>\t\t\t\t\t\t\t\t<\/div>\n\t\t\t\t\t<\/div>\n\t\t\t\t<\/div>\n\t\t\t\t<\/div>","protected":false},"excerpt":{"rendered":"<p>Impressum Curalis24 GmbHHerm\u00fclheimer Str. 2350354 H\u00fcrth bei K\u00f6ln Zweitniederlassung: Curalis24 GmbHKanalstr. 830926 Seelze Vertreten durch:Nejat CatalbasMurat Ural Kontakt Telefon: +491729934592E-Mail: info@curalis24.de Umsatzsteuer-ID Umsatzsteuer-Identifikationsnummer gem\u00e4\u00df \u00a7 27 a Umsatzsteuergesetz:DE457010671 Sitz H\u00fcrth Amtsgericht K\u00f6ln:&nbsp;HRB 124486 Verbraucher\u00adstreit\u00adbeilegung\/Universal\u00adschlichtungs\u00adstelle Wir sind nicht bereit oder verpflichtet, an Streitbeilegungsverfahren vor einer Verbraucherschlichtungsstelle teilzunehmen. Zentrale Kontaktstelle nach dem Digital Services Act &#8211; DSA [&hellip;]<\/p>\n","protected":false},"author":1,"featured_media":0,"parent":0,"menu_order":0,"comment_status":"closed","ping_status":"closed","template":"","meta":{"footnotes":""},"class_list":["post-7177","page","type-page","status-publish","hentry"],"_links":{"self":[{"href":"https:\/\/curalis24.de\/en\/wp-json\/wp\/v2\/pages\/7177","targetHints":{"allow":["GET"]}}],"collection":[{"href":"https:\/\/curalis24.de\/en\/wp-json\/wp\/v2\/pages"}],"about":[{"href":"https:\/\/curalis24.de\/en\/wp-json\/wp\/v2\/types\/page"}],"author":[{"embeddable":true,"href":"https:\/\/curalis24.de\/en\/wp-json\/wp\/v2\/users\/1"}],"replies":[{"embeddable":true,"href":"https:\/\/curalis24.de\/en\/wp-json\/wp\/v2\/comments?post=7177"}],"version-history":[{"count":13,"href":"https:\/\/curalis24.de\/en\/wp-json\/wp\/v2\/pages\/7177\/revisions"}],"predecessor-version":[{"id":7270,"href":"https:\/\/curalis24.de\/en\/wp-json\/wp\/v2\/pages\/7177\/revisions\/7270"}],"wp:attachment":[{"href":"https:\/\/curalis24.de\/en\/wp-json\/wp\/v2\/media?parent=7177"}],"curies":[{"name":"wp","href":"https:\/\/api.w.org\/{rel}","templated":true}]}}