{"id":7059,"date":"2025-10-05T08:29:42","date_gmt":"2025-10-05T06:29:42","guid":{"rendered":"https:\/\/curalis24.de\/wordpress\/?page_id=7059"},"modified":"2026-03-24T21:03:28","modified_gmt":"2026-03-24T20:03:28","slug":"kontakt","status":"publish","type":"page","link":"https:\/\/curalis24.de\/en\/kontakt\/","title":{"rendered":"contact"},"content":{"rendered":"<div data-elementor-type=\"wp-page\" data-elementor-id=\"7059\" class=\"elementor elementor-7059\">\n\t\t\t\t<div class=\"elementor-element elementor-element-3ce5eba e-con-full e-flex e-con e-parent\" data-id=\"3ce5eba\" data-element_type=\"container\" data-e-type=\"container\">\n\t\t<div class=\"elementor-element elementor-element-66d5a31 e-con-full e-flex e-con e-child\" data-id=\"66d5a31\" data-element_type=\"container\" data-e-type=\"container\">\n\t\t\t\t<div class=\"elementor-element elementor-element-a73c003 elementor-widget elementor-widget-heading\" data-id=\"a73c003\" data-element_type=\"widget\" data-e-type=\"widget\" data-widget_type=\"heading.default\">\n\t\t\t\t\t<h1 class=\"elementor-heading-title elementor-size-default\">Contact \u2013 We are here for you<\/h1>\t\t\t\t<\/div>\n\t\t\t\t<div class=\"elementor-element elementor-element-c6bd69b elementor-widget elementor-widget-text-editor\" data-id=\"c6bd69b\" data-element_type=\"widget\" data-e-type=\"widget\" data-widget_type=\"text-editor.default\">\n\t\t\t\t\t\t\t\t\t<p>Whether you have initial questions, concrete project ideas, or would like to schedule an appointment: We look forward to talking with you.<br \/>Use our contact form, book a consultation appointment directly or speak to your personal contact person.<\/p>\t\t\t\t\t\t\t\t<\/div>\n\t\t\t\t<\/div>\n\t\t\t\t<div class=\"elementor-element elementor-element-8959c09 elementor-widget elementor-widget-heading\" data-id=\"8959c09\" data-element_type=\"widget\" data-e-type=\"widget\" data-widget_type=\"heading.default\">\n\t\t\t\t\t<h1 class=\"elementor-heading-title elementor-size-default\">Book a consultation appointment \u2013 \u200b\u200bdirectly online<\/h1>\t\t\t\t<\/div>\n\t\t\t\t<div class=\"elementor-element elementor-element-d9a6f13 elementor-widget elementor-widget-text-editor\" data-id=\"d9a6f13\" data-element_type=\"widget\" data-e-type=\"widget\" data-widget_type=\"text-editor.default\">\n\t\t\t\t\t\t\t\t\t<p>Schedule your meeting with us at a time that suits you:<\/p><ul><li><strong>Online demo<\/strong>: Virtual presentation of our robotics solutions<\/li><li><strong>Strategy discussion<\/strong>: Initial consultation on processes, funding opportunities &amp; potential<\/li><li><strong>On-site appointment<\/strong>: At your laboratory or hospital<\/li><\/ul><p>\ud83d\udc49 You can book your appointment directly in our calendar via calendly.<\/p>\t\t\t\t\t\t\t\t<\/div>\n\t\t\t\t<\/div>\n\t\t<div class=\"elementor-element elementor-element-d0743e9 e-flex e-con-boxed e-con e-parent\" data-id=\"d0743e9\" data-element_type=\"container\" data-e-type=\"container\">\n\t\t\t\t\t<div class=\"e-con-inner\">\n\t\t<div class=\"elementor-element elementor-element-3fc248b e-con-full e-flex e-con e-child\" data-id=\"3fc248b\" data-element_type=\"container\" data-e-type=\"container\">\n\t\t\t\t<div class=\"elementor-element elementor-element-7bbd2a2 elementor-widget elementor-widget-html\" data-id=\"7bbd2a2\" data-element_type=\"widget\" data-e-type=\"widget\" data-widget_type=\"html.default\">\n\t\t\t\t\t<iframe src='https:\/\/outlook.office.com\/book\/Buchungsseite1@curalis24.de\/?ismsaljsauthenabled' width='100%' height='1000' scrolling='yes' style='border:0'><\/iframe>\n\t\t\t\t<\/div>\n\t\t\t\t<\/div>\n\t\t<div class=\"elementor-element elementor-element-a3d7df5 e-con-full e-flex e-con e-child\" data-id=\"a3d7df5\" data-element_type=\"container\" data-e-type=\"container\">\n\t\t\t\t<div class=\"elementor-element elementor-element-f69640d elementor-widget elementor-widget-image\" data-id=\"f69640d\" data-element_type=\"widget\" data-e-type=\"widget\" data-widget_type=\"image.default\">\n\t\t\t\t\t\t\t\t\t\t\t\t\t\t\t<img fetchpriority=\"high\" decoding=\"async\" width=\"686\" height=\"752\" src=\"https:\/\/curalis24.de\/wp-content\/uploads\/2025\/09\/Labor-Roboter.jpg\" class=\"attachment-large size-large wp-image-11\" alt=\"Labor-Roboter\" srcset=\"https:\/\/curalis24.de\/wp-content\/uploads\/2025\/09\/Labor-Roboter.jpg 686w, https:\/\/curalis24.de\/wp-content\/uploads\/2025\/09\/Labor-Roboter-274x300.jpg 274w\" sizes=\"(max-width: 686px) 100vw, 686px\" \/>\t\t\t\t\t\t\t\t\t\t\t\t\t\t\t<\/div>\n\t\t\t\t<\/div>\n\t\t\t\t\t<\/div>\n\t\t\t\t<\/div>\n\t\t<div class=\"elementor-element elementor-element-c569ab0 e-con-full e-flex e-con e-parent\" data-id=\"c569ab0\" data-element_type=\"container\" data-e-type=\"container\">\n\t\t<div class=\"elementor-element elementor-element-0ecbc34 e-con-full e-flex e-con e-child\" data-id=\"0ecbc34\" data-element_type=\"container\" data-e-type=\"container\">\n\t\t\t\t<\/div>\n\t\t\t\t<\/div>\n\t\t<div class=\"elementor-element elementor-element-951c540 e-con-full e-flex e-con e-parent\" data-id=\"951c540\" data-element_type=\"container\" data-e-type=\"container\">\n\t\t<div class=\"elementor-element elementor-element-2174be3 e-con-full e-flex e-con e-child\" data-id=\"2174be3\" data-element_type=\"container\" data-e-type=\"container\">\n\t\t\t\t<div class=\"elementor-element elementor-element-8900166 elementor-widget elementor-widget-heading\" data-id=\"8900166\" data-element_type=\"widget\" data-e-type=\"widget\" data-widget_type=\"heading.default\">\n\t\t\t\t\t<h1 class=\"elementor-heading-title elementor-size-default\">Your contact persons \u2013 personal &amp; direct<\/h1>\t\t\t\t<\/div>\n\t\t\t\t<div class=\"elementor-element elementor-element-7cc18ef elementor-widget elementor-widget-text-editor\" data-id=\"7cc18ef\" data-element_type=\"widget\" data-e-type=\"widget\" data-widget_type=\"text-editor.default\">\n\t\t\t\t\t\t\t\t\t<p>Our team is available to assist you with various topics:<\/p><ul><li><strong>Technology &amp; Robotics<\/strong> \u2013 Integration, operation, systems<\/li><li><strong>Consulting &amp; Strategy<\/strong> \u2013 Process analysis, funding, financing<\/li><li><strong>References &amp; Practice<\/strong> \u2013 Live-Demos, Case Studies, Kundenkontakte<\/li><\/ul><p>\ud83d\udc49 Direct line:<\/p><p>Nejat Catalbas<br \/>phone: +491729934592<br \/>E-Mail: catalbas@curalis24.de<\/p>\t\t\t\t\t\t\t\t<\/div>\n\t\t\t\t<\/div>\n\t\t\t\t<\/div>\n\t\t\t\t<\/div>","protected":false},"excerpt":{"rendered":"<p>Kontakt \u2013 Wir sind f\u00fcr Sie da Ob erste Fragen, konkrete Projektideen oder Terminvereinbarungen: Wir freuen uns darauf, mit Ihnen ins Gespr\u00e4ch zu kommen.Nutzen Sie unser Kontaktformular, buchen Sie direkt einen Beratungstermin oder sprechen Sie mit Ihrem pers\u00f6nlichen Ansprechpartner. Beratungstermin buchen \u2013 Direkt online Planen Sie Ihr Gespr\u00e4ch mit uns, wann es f\u00fcr Sie passt: [&hellip;]<\/p>\n","protected":false},"author":1,"featured_media":0,"parent":0,"menu_order":0,"comment_status":"closed","ping_status":"closed","template":"","meta":{"footnotes":""},"class_list":["post-7059","page","type-page","status-publish","hentry"],"_links":{"self":[{"href":"https:\/\/curalis24.de\/en\/wp-json\/wp\/v2\/pages\/7059","targetHints":{"allow":["GET"]}}],"collection":[{"href":"https:\/\/curalis24.de\/en\/wp-json\/wp\/v2\/pages"}],"about":[{"href":"https:\/\/curalis24.de\/en\/wp-json\/wp\/v2\/types\/page"}],"author":[{"embeddable":true,"href":"https:\/\/curalis24.de\/en\/wp-json\/wp\/v2\/users\/1"}],"replies":[{"embeddable":true,"href":"https:\/\/curalis24.de\/en\/wp-json\/wp\/v2\/comments?post=7059"}],"version-history":[{"count":20,"href":"https:\/\/curalis24.de\/en\/wp-json\/wp\/v2\/pages\/7059\/revisions"}],"predecessor-version":[{"id":7286,"href":"https:\/\/curalis24.de\/en\/wp-json\/wp\/v2\/pages\/7059\/revisions\/7286"}],"wp:attachment":[{"href":"https:\/\/curalis24.de\/en\/wp-json\/wp\/v2\/media?parent=7059"}],"curies":[{"name":"wp","href":"https:\/\/api.w.org\/{rel}","templated":true}]}}