{"id":7034,"date":"2025-10-05T08:11:39","date_gmt":"2025-10-05T06:11:39","guid":{"rendered":"https:\/\/curalis24.de\/wordpress\/?page_id=7034"},"modified":"2025-10-05T22:07:49","modified_gmt":"2025-10-05T20:07:49","slug":"laborberatung","status":"publish","type":"page","link":"https:\/\/curalis24.de\/en\/laborberatung\/","title":{"rendered":"Laboratory consultation"},"content":{"rendered":"<div data-elementor-type=\"wp-page\" data-elementor-id=\"7034\" class=\"elementor elementor-7034\">\n\t\t\t\t<div class=\"elementor-element elementor-element-cf16735 e-con-full e-flex e-con e-parent\" data-id=\"cf16735\" data-element_type=\"container\" data-e-type=\"container\">\n\t\t\t\t<div class=\"elementor-element elementor-element-90b2baa elementor-widget elementor-widget-heading\" data-id=\"90b2baa\" data-element_type=\"widget\" data-e-type=\"widget\" data-widget_type=\"heading.default\">\n\t\t\t\t\t<h1 class=\"elementor-heading-title elementor-size-default\">Laboratory consulting \u2013 your independent partner for sustainable solutions<\/h1>\t\t\t\t<\/div>\n\t\t\t\t<div class=\"elementor-element elementor-element-cbebe72 elementor-widget elementor-widget-text-editor\" data-id=\"cbebe72\" data-element_type=\"widget\" data-e-type=\"widget\" data-widget_type=\"text-editor.default\">\n\t\t\t\t\t\t\t\t\t<p>Every laboratory faces its own challenges: increasing sample volumes, a shortage of skilled workers, cost pressures, and ever more complex technologies. Ours\u00a0<strong>Laboratory consultation<\/strong>\u00a0We accompany you as an independent partner from analysis to implementation \u2013 with the goal of making your processes more efficient, eligible for funding and future-proof.<\/p>\t\t\t\t\t\t\t\t<\/div>\n\t\t\t\t<\/div>\n\t\t<div class=\"elementor-element elementor-element-cd933fd e-con-full e-flex e-con e-parent\" data-id=\"cd933fd\" data-element_type=\"container\" data-e-type=\"container\">\n\t\t<div class=\"elementor-element elementor-element-facf601 e-con-full e-flex e-con e-child\" data-id=\"facf601\" data-element_type=\"container\" data-e-type=\"container\">\n\t\t\t\t<div class=\"elementor-element elementor-element-19d9ed9 elementor-widget elementor-widget-heading\" data-id=\"19d9ed9\" data-element_type=\"widget\" data-e-type=\"widget\" data-widget_type=\"heading.default\">\n\t\t\t\t\t<h2 class=\"elementor-heading-title elementor-size-default\">Independent partner consulting \u2013 Neutral, manufacturer-independent, strategic<\/h2>\t\t\t\t<\/div>\n\t\t\t\t<div class=\"elementor-element elementor-element-2bbf8b4 elementor-widget elementor-widget-text-editor\" data-id=\"2bbf8b4\" data-element_type=\"widget\" data-e-type=\"widget\" data-widget_type=\"text-editor.default\">\n\t\t\t\t\t\t\t\t\t<p>We do not see ourselves as sellers of individual systems, but as\u00a0<strong>strategic partner<\/strong>. That means:<\/p><ul><li><strong>Manufacturer independence<\/strong>\u00a0\u2013 we evaluate and compare solutions from various providers<\/li><li><strong>Strategic planning<\/strong>\u00a0\u2013 Together with you, we will develop an automation concept that fits your laboratory.<\/li><li><strong>Long-term support<\/strong>\u00a0\u2013 from the idea through selection to implementation and optimization<\/li><\/ul><p>This way you retain full freedom of choice and benefit from a neutral view of technologies and processes.<\/p>\t\t\t\t\t\t\t\t<\/div>\n\t\t\t\t<\/div>\n\t\t\t\t<\/div>\n\t\t<div class=\"elementor-element elementor-element-66cf7a9 e-con-full e-flex e-con e-parent\" data-id=\"66cf7a9\" data-element_type=\"container\" data-e-type=\"container\">\n\t\t<div class=\"elementor-element elementor-element-cbb99e7 e-con-full e-flex e-con e-child\" data-id=\"cbb99e7\" data-element_type=\"container\" data-e-type=\"container\">\n\t\t\t\t<div class=\"elementor-element elementor-element-7e9c994 elementor-widget elementor-widget-heading\" data-id=\"7e9c994\" data-element_type=\"widget\" data-e-type=\"widget\" data-widget_type=\"heading.default\">\n\t\t\t\t\t<h2 class=\"elementor-heading-title elementor-size-default\">Funding &amp; Financing \u2013 Seize opportunities, secure investments<\/h2>\t\t\t\t<\/div>\n\t\t\t\t<div class=\"elementor-element elementor-element-7442dcc elementor-widget elementor-widget-text-editor\" data-id=\"7442dcc\" data-element_type=\"widget\" data-e-type=\"widget\" data-widget_type=\"text-editor.default\">\n\t\t\t\t\t\t\t\t\t<p>Robotics and automation are eligible for funding \u2013 but only if you know the right programs and prepare applications professionally. We can help you with that:<\/p><ul><li>Identification of suitable\u00a0<strong>Funding programs<\/strong>\u00a0(regional, national, EU)<\/li><li>Advice on\u00a0<strong>Financing strategy<\/strong>: Purchase, leasing or pay-per-use<\/li><li>Creation of\u00a0<strong>Economic feasibility studies<\/strong>\u00a0and ROI calculations<\/li><\/ul><p>This creates a solid foundation for investments that pay off quickly \u2013 and reduces your financial risk.<\/p>\t\t\t\t\t\t\t\t<\/div>\n\t\t\t\t<\/div>\n\t\t\t\t<\/div>\n\t\t<div class=\"elementor-element elementor-element-3e86145 e-con-full e-flex e-con e-parent\" data-id=\"3e86145\" data-element_type=\"container\" data-e-type=\"container\">\n\t\t<div class=\"elementor-element elementor-element-b4dd316 e-con-full e-flex e-con e-child\" data-id=\"b4dd316\" data-element_type=\"container\" data-e-type=\"container\">\n\t\t\t\t<div class=\"elementor-element elementor-element-a34ba0e elementor-widget elementor-widget-heading\" data-id=\"a34ba0e\" data-element_type=\"widget\" data-e-type=\"widget\" data-widget_type=\"heading.default\">\n\t\t\t\t\t<h2 class=\"elementor-heading-title elementor-size-default\">Process and workflow analysis \u2013 identifying potential, optimizing processes<\/h2>\t\t\t\t<\/div>\n\t\t\t\t<div class=\"elementor-element elementor-element-bdc788e elementor-widget elementor-widget-text-editor\" data-id=\"bdc788e\" data-element_type=\"widget\" data-e-type=\"widget\" data-widget_type=\"text-editor.default\">\n\t\t\t\t\t\t\t\t\t<p>Before introducing robotics, we will analyze your existing processes together:<\/p><ul><li><strong>Workflow-Mapping<\/strong>: Sample routes, transport times, bottlenecks<\/li><li><strong>Process analysis<\/strong>: Where do errors occur? Which steps take the most time?<\/li><li><strong>Potential assessment<\/strong>: Which parts can be automated, and which are better left to manual operation?<\/li><\/ul><p>The result is a clear action plan that shows where automation brings the greatest benefit \u2013 measurable, transparent and realistic.<\/p>\t\t\t\t\t\t\t\t<\/div>\n\t\t\t\t<\/div>\n\t\t\t\t<\/div>\n\t\t<div class=\"elementor-element elementor-element-09aa140 e-flex e-con-boxed e-con e-parent\" data-id=\"09aa140\" data-element_type=\"container\" data-e-type=\"container\" data-settings=\"{&quot;background_background&quot;:&quot;classic&quot;}\">\n\t\t\t\t\t<div class=\"e-con-inner\">\n\t\t\t\t<div class=\"elementor-element elementor-element-00f57cf elementor-widget elementor-widget-witr_section_call_to_ac\" data-id=\"00f57cf\" data-element_type=\"widget\" data-e-type=\"widget\" data-widget_type=\"witr_section_call_to_ac.default\">\n\t\t\t\t<div class=\"elementor-widget-container\">\n\t\t\t\t\t\t\t\t<!-- robotil call to action 3 -->\n\n\t\t<div class=\"all_cal_color\">\n\t\t\t<div class=\"row\">\n\t\t\t\t<div class=\"col-lg-8 col-md-12\">\n\t\t\t\t\t<div class=\"robotil_content\">\n\t\t\t\t\t\t<!-- top title -->\n\t\t\t\t\t\t\t\t\t\t\t\t\t\t\n\t\t\t\t\t\t\t\t<h5>Start your laboratory consultation now!<\/h5>\t\t\t\t\t\t\t\t\t\t\t\t\t\t\t\t\t\n\t\t\t\t\t\t\t\n\t\t\t\t\t\t<!-- middle title -->\n\t\t\t\t\t\t\t\t\t\t\t\t\t\t\n\t\t\t\t\t\t\t\t<h2>Do you want to make your laboratory processes future-proof? We support you independently, with funding opportunities and a practical approach.<\/h2>\t\t\t\t\t\t\t\t\t\t\t\t\t\t\t\t\t\n\t\t\t\t\t\t\t\t\t\t\t\t<!-- bottom title -->\n\t\t\t\t\t\t\t\t\t\t\t\t\t<!-- content -->\n\t\t\t\t\t\t\t\n\t\t\t\t\t\n\t\t\t\t\t<\/div>\n\t\t\t\t<\/div>\n\t\t\t\t<div class=\"col-lg-4 col-md-12\">\n\t\t\t\t<!-- button -->\n\t\t\t\t\t\t\n\t\t\t\t\t\t<div class=\"robotil_button\">\t\t\t\t\t\t\n\t\t\t\t\t\t\t<a href=\"\/en\/kontakt\/\" > \t\t\t\t\t\t\t\n\t\t\t\t\t\t\t\tSchedule a consultation\t\t\t\t\t\t\t\t<!-- icon -->\n\t\t\t\t\t\t\t\t<i aria-hidden=\"true\" class=\"far fa-paper-plane\"><\/i>\t\t\t\t\t\n\t\t\t\t\t\t\t\t<!-- end icon -->\t\t\t\t\t\t\t\n\t\t\t\t\t\t\t<\/a>\n\t\t\t\t\t\t<\/div>\n\t\t\t\t\t\t\t\t\t<\/div>\t\t\t\t\n\t\t\t<\/div>\n\t\t<\/div>\n\t\t\t\t\t<\/div>\n\t\t\t\t<\/div>\n\t\t\t\t\t<\/div>\n\t\t\t\t<\/div>\n\t\t\t\t<\/div>","protected":false},"excerpt":{"rendered":"<p>Laborberatung \u2013 Ihr unabh\u00e4ngiger Partner f\u00fcr nachhaltige L\u00f6sungen Jedes Labor hat seine eigenen Herausforderungen: steigende Probenzahlen, Fachkr\u00e4ftemangel, Kostendruck und immer komplexere Technologien. Unsere\u00a0Laborberatung\u00a0begleitet Sie als unabh\u00e4ngiger Partner von der Analyse bis zur Umsetzung \u2013 mit dem Ziel, dass Ihre Prozesse effizienter, f\u00f6rderf\u00e4hig und zukunftssicher sind. Unabh\u00e4ngige Partnerberatung \u2013 Neutral, herstellerunabh\u00e4ngig, strategisch Wir verstehen uns nicht [&hellip;]<\/p>\n","protected":false},"author":1,"featured_media":0,"parent":0,"menu_order":0,"comment_status":"closed","ping_status":"closed","template":"","meta":{"footnotes":""},"class_list":["post-7034","page","type-page","status-publish","hentry"],"_links":{"self":[{"href":"https:\/\/curalis24.de\/en\/wp-json\/wp\/v2\/pages\/7034","targetHints":{"allow":["GET"]}}],"collection":[{"href":"https:\/\/curalis24.de\/en\/wp-json\/wp\/v2\/pages"}],"about":[{"href":"https:\/\/curalis24.de\/en\/wp-json\/wp\/v2\/types\/page"}],"author":[{"embeddable":true,"href":"https:\/\/curalis24.de\/en\/wp-json\/wp\/v2\/users\/1"}],"replies":[{"embeddable":true,"href":"https:\/\/curalis24.de\/en\/wp-json\/wp\/v2\/comments?post=7034"}],"version-history":[{"count":20,"href":"https:\/\/curalis24.de\/en\/wp-json\/wp\/v2\/pages\/7034\/revisions"}],"predecessor-version":[{"id":7144,"href":"https:\/\/curalis24.de\/en\/wp-json\/wp\/v2\/pages\/7034\/revisions\/7144"}],"wp:attachment":[{"href":"https:\/\/curalis24.de\/en\/wp-json\/wp\/v2\/media?parent=7034"}],"curies":[{"name":"wp","href":"https:\/\/api.w.org\/{rel}","templated":true}]}}